{"id":68413,"date":"2023-10-06T13:46:35","date_gmt":"2023-10-06T19:46:35","guid":{"rendered":"http:\/\/raulgalavizmultisite2023.local\/cursos\/?page_id=68413"},"modified":"2024-11-21T11:26:03","modified_gmt":"2024-11-21T17:26:03","slug":"fotofest-festival-para-fotografos-y-creativos","status":"publish","type":"page","link":"https:\/\/raulgalaviz.com\/cursos-de-fotografia\/calendario-de-eventos\/fotofest-festival-para-fotografos-y-creativos\/","title":{"rendered":"FOTOFEST Congreso para fot\u00f3grafos y creativos"},"content":{"rendered":"\t\t<div data-elementor-type=\"wp-page\" data-elementor-id=\"68413\" class=\"elementor elementor-68413\" data-elementor-post-type=\"page\">\n\t\t\t\t<div class=\"elementor-element elementor-element-6660596 e-flex e-con-boxed e-con e-parent\" data-id=\"6660596\" data-element_type=\"container\" data-e-type=\"container\" data-settings=\"{&quot;background_background&quot;:&quot;classic&quot;}\">\n\t\t\t\t\t<div class=\"e-con-inner\">\n\t\t\t\t<div class=\"elementor-element elementor-element-f595860 elementor-widget elementor-widget-heading\" data-id=\"f595860\" data-element_type=\"widget\" data-e-type=\"widget\" data-widget_type=\"heading.default\">\n\t\t\t\t<div class=\"elementor-widget-container\">\n\t\t\t\t\t<h1 class=\"elementor-heading-title elementor-size-default\">FOTOFEST<\/h1>\t\t\t\t<\/div>\n\t\t\t\t<\/div>\n\t\t\t\t<div class=\"elementor-element elementor-element-0ff4953 elementor-widget elementor-widget-text-editor\" data-id=\"0ff4953\" data-element_type=\"widget\" data-e-type=\"widget\" data-widget_type=\"text-editor.default\">\n\t\t\t\t<div class=\"elementor-widget-container\">\n\t\t\t\t\t\t\t\t\t<p>\u00a1VIVAMOS LA FOTOGRAF\u00cdA!<\/p>\t\t\t\t\t\t\t\t<\/div>\n\t\t\t\t<\/div>\n\t\t\t\t\t<\/div>\n\t\t\t\t<\/div>\n\t\t<div class=\"elementor-element elementor-element-3f96f3b e-flex e-con-boxed e-con e-parent\" data-id=\"3f96f3b\" data-element_type=\"container\" data-e-type=\"container\">\n\t\t\t\t\t<div class=\"e-con-inner\">\n\t\t\t\t<div class=\"elementor-element elementor-element-e51fe04 elementor-widget elementor-widget-heading\" data-id=\"e51fe04\" data-element_type=\"widget\" data-e-type=\"widget\" data-widget_type=\"heading.default\">\n\t\t\t\t<div class=\"elementor-widget-container\">\n\t\t\t\t\t<h2 class=\"elementor-heading-title elementor-size-default\">Pr\u00f3ximos EVENTOS<\/h2>\t\t\t\t<\/div>\n\t\t\t\t<\/div>\n\t\t\t\t<div class=\"elementor-element elementor-element-20a847f elementor-widget elementor-widget-text-editor\" data-id=\"20a847f\" data-element_type=\"widget\" data-e-type=\"widget\" data-widget_type=\"text-editor.default\">\n\t\t\t\t<div class=\"elementor-widget-container\">\n\t\t\t\t\t\t\t\t\t<p>Festival anual de fotograf\u00eda en m\u00e9xico<\/p>\t\t\t\t\t\t\t\t<\/div>\n\t\t\t\t<\/div>\n\t\t\t\t<div class=\"elementor-element elementor-element-035af58 elementor-widget elementor-widget-the-event-main\" data-id=\"035af58\" data-element_type=\"widget\" data-e-type=\"widget\" data-widget_type=\"the-event-main.default\">\n\t\t\t\t<div class=\"elementor-widget-container\">\n\t\t\t\t\t<div class=\"ewpe-main-wrapper ewpe-grid-wrapper\">No se encontraron eventos<\/div>\t\t\t\t<\/div>\n\t\t\t\t<\/div>\n\t\t\t\t\t<\/div>\n\t\t\t\t<\/div>\n\t\t<div class=\"elementor-element elementor-element-b62083c e-flex e-con-boxed e-con e-parent\" data-id=\"b62083c\" data-element_type=\"container\" data-e-type=\"container\" data-settings=\"{&quot;background_background&quot;:&quot;classic&quot;}\">\n\t\t\t\t\t<div class=\"e-con-inner\">\n\t\t\t\t<div class=\"elementor-element elementor-element-e2f40c1 elementor-widget elementor-widget-heading\" data-id=\"e2f40c1\" data-element_type=\"widget\" data-e-type=\"widget\" data-widget_type=\"heading.default\">\n\t\t\t\t<div class=\"elementor-widget-container\">\n\t\t\t\t\t<h4 class=\"elementor-heading-title elementor-size-default\">Eventos pasados<\/h4>\t\t\t\t<\/div>\n\t\t\t\t<\/div>\n\t\t\t\t<div class=\"elementor-element elementor-element-bd2b2bd elementor-widget elementor-widget-the-event-main\" data-id=\"bd2b2bd\" data-element_type=\"widget\" data-e-type=\"widget\" data-widget_type=\"the-event-main.default\">\n\t\t\t\t<div class=\"elementor-widget-container\">\n\t\t\t\t\t<div class=\"ewpe-main-wrapper ewpe-grid-wrapper\">No se encontraron eventos<\/div>\t\t\t\t<\/div>\n\t\t\t\t<\/div>\n\t\t\t\t\t<\/div>\n\t\t\t\t<\/div>\n\t\t\t\t<\/div>\n\t\t","protected":false},"excerpt":{"rendered":"<p>FOTOFEST \u00a1VIVAMOS LA FOTOGRAF\u00cdA! Pr\u00f3ximos EVENTOS Festival anual de fotograf\u00eda en m\u00e9xico Eventos pasados No se encontraron eventos<\/p>\n","protected":false},"author":1,"featured_media":68363,"parent":68300,"menu_order":3,"comment_status":"closed","ping_status":"closed","template":"","meta":{"_price":"","_stock":"","_tribe_ticket_header":"","_tribe_default_ticket_provider":"","_tribe_ticket_capacity":"0","_ticket_start_date":"","_ticket_end_date":"","_tribe_ticket_show_description":"","_tribe_ticket_show_not_going":false,"_tribe_ticket_use_global_stock":"","_tribe_ticket_global_stock_level":"","_global_stock_mode":"","_global_stock_cap":"","_tribe_rsvp_for_event":"","_tribe_ticket_going_count":"","_tribe_ticket_not_going_count":"","_tribe_tickets_list":"[]","_tribe_ticket_has_attendee_info_fields":false,"footnotes":""},"class_list":["post-68413","page","type-page","status-publish","has-post-thumbnail","hentry"],"_links":{"self":[{"href":"https:\/\/raulgalaviz.com\/cursos-de-fotografia\/wp-json\/wp\/v2\/pages\/68413","targetHints":{"allow":["GET"]}}],"collection":[{"href":"https:\/\/raulgalaviz.com\/cursos-de-fotografia\/wp-json\/wp\/v2\/pages"}],"about":[{"href":"https:\/\/raulgalaviz.com\/cursos-de-fotografia\/wp-json\/wp\/v2\/types\/page"}],"author":[{"embeddable":true,"href":"https:\/\/raulgalaviz.com\/cursos-de-fotografia\/wp-json\/wp\/v2\/users\/1"}],"replies":[{"embeddable":true,"href":"https:\/\/raulgalaviz.com\/cursos-de-fotografia\/wp-json\/wp\/v2\/comments?post=68413"}],"version-history":[{"count":46,"href":"https:\/\/raulgalaviz.com\/cursos-de-fotografia\/wp-json\/wp\/v2\/pages\/68413\/revisions"}],"predecessor-version":[{"id":74622,"href":"https:\/\/raulgalaviz.com\/cursos-de-fotografia\/wp-json\/wp\/v2\/pages\/68413\/revisions\/74622"}],"up":[{"embeddable":true,"href":"https:\/\/raulgalaviz.com\/cursos-de-fotografia\/wp-json\/wp\/v2\/pages\/68300"}],"wp:featuredmedia":[{"embeddable":true,"href":"https:\/\/raulgalaviz.com\/cursos-de-fotografia\/wp-json\/"}],"wp:attachment":[{"href":"https:\/\/raulgalaviz.com\/cursos-de-fotografia\/wp-json\/wp\/v2\/media?parent=68413"}],"curies":[{"name":"wp","href":"https:\/\/api.w.org\/{rel}","templated":true}]}}