{"id":40,"date":"2022-03-10T14:25:20","date_gmt":"2022-03-10T20:25:20","guid":{"rendered":"http:\/\/raulgalavizmultisite2023.local\/cursos\/?page_id=3"},"modified":"2023-10-30T11:26:21","modified_gmt":"2023-10-30T17:26:21","slug":"politica-de-privacidad","status":"publish","type":"page","link":"https:\/\/raulgalaviz.com\/cursos-de-fotografia\/politica-de-privacidad\/","title":{"rendered":"Pol\u00edtica de privacidad"},"content":{"rendered":"\n<h2 class=\"wp-block-heading\">LEGAL<\/h2>\n\n\n\n<h3 class=\"wp-block-heading\">En cumplimiento con lo establecido en M\u00e9xico por la ley federal de protecci\u00f3n de datos personales en posesi\u00f3n de los particulares, publicada el 5 de julio de 2010, se establece el siguiente compromiso<\/h3>\n\n\n\n<p>La presente Pol\u00edtica de Privacidad establece los t\u00e9rminos en que&nbsp;&nbsp;usa y protege la informaci\u00f3n que es proporcionada por los usuarios al momento de utilizar este sitio web http:\/\/raulgalavizmultisite2023.local\/cursos.<\/p>\n\n\n\n<p>Esta compa\u00f1\u00eda est\u00e1 comprometida con la seguridad de los datos de sus usuarios.<\/p>\n\n\n\n<p>Cuando le pedimos llenar los campos de informaci\u00f3n personal con la cual usted pueda ser identificado, lo hacemos asegurando que solo se emplear\u00e1 de acuerdo con los t\u00e9rminos de este documento.<\/p>\n\n\n\n<p>Sin embargo, esta Pol\u00edtica de Privacidad puede cambiar con el tiempo o ser actualizada, enviaremos un correo electr\u00f3nico en caso de que esto pase notific\u00e1ndole los cambios correspondientes, le recomendamos al utilizar nuestra p\u00e1gina web http:\/\/raulgalavizmultisite2023.local\/cursos usted deja expl\u00edcito que est\u00e1 de acuerdo en estos t\u00e9rminos.<\/p>\n\n\n\n<h3 class=\"wp-block-heading\">Informaci\u00f3n que es recogida.<\/h3>\n\n\n\n<p>Nuestro sitio web podr\u00e1 recoger informaci\u00f3n personal por ejemplo: Nombre,&nbsp; informaci\u00f3n de contacto como&nbsp; su direcci\u00f3n de correo electr\u00f3nico e informaci\u00f3n demogr\u00e1fica.<\/p>\n\n\n\n<p>As\u00ed mismo, cuando sea necesario podr\u00e1 ser requerida informaci\u00f3n espec\u00edfica para procesar alg\u00fan pedido o realizar una entrega o facturaci\u00f3n.<\/p>\n\n\n\n<p>En cualquier momento usted puede restringir la recopilaci\u00f3n o el uso de la informaci\u00f3n personal que es proporcionada a nuestro sitio web.&nbsp;<\/p>\n\n\n\n<p>Cada vez que se le solicite rellenar un formulario, como el de alta de usuario, puede marcar o desmarcar la opci\u00f3n de recibir informaci\u00f3n por correo electr\u00f3nico. &nbsp;<\/p>\n\n\n\n<p>En caso de que haya marcado la opci\u00f3n de recibir nuestro bolet\u00edn o publicidad, usted puede cancelarla en cualquier momento.<\/p>\n\n\n\n<p><\/p>\n\n\n\n<h3 class=\"wp-block-heading\">Uso de la informaci\u00f3n recogida.<\/h3>\n\n\n\n<p>Nuestro sitio web http:\/\/raulgalavizmultisite2023.local\/cursos usa la informaci\u00f3n con el fin de proporcionar la mejor experiencia y el mejor servicio posible para el usuario, particularmente para mantener un registro de pedidos en caso de que aplique, dar soporte y mejorar nuestros productos y servicios. &nbsp;<\/p>\n\n\n\n<p>Es posible que sean enviados correos electr\u00f3nicos peri\u00f3dicamente a trav\u00e9s de nuestro sitio con ofertas especiales y otra informaci\u00f3n publicitaria que consideremos relevante para usted o que pueda brindarle alg\u00fan beneficio, estos correos electr\u00f3nicos ser\u00e1n enviados a la direcci\u00f3n que usted proporcione y podr\u00e1n ser cancelados en cualquier momento.<\/p>\n\n\n\n<p>En http:\/\/raulgalavizmultisite2023.local\/cursos estamos altamente comprometidos para cumplir con el compromiso de mantener su informaci\u00f3n segura.<\/p>\n\n\n\n<p>Utilizamos los sistemas m\u00e1s avanzados y los actualizamos constantemente para asegurarnos que no exista ning\u00fan acceso no autorizado.<\/p>\n\n\n\n<p>Esta compa\u00f1\u00eda no vender\u00e1, ceder\u00e1 ni distribuir\u00e1 la informaci\u00f3n personal que es recopilada sin su consentimiento, salvo que sea requerido por un juez con una orden judicial.<\/p>\n\n\n\n<h4 class=\"wp-block-heading\"><\/h4>\n\n\n\n<h3 class=\"wp-block-heading\">Cookies.<\/h3>\n\n\n\n<p>Una cookie se refiere a un fichero que es enviado con la finalidad de solicitar permiso para almacenarse en su ordenador, al aceptar dicho fichero se crea y la cookie sirve entonces para tener informaci\u00f3n respecto al tr\u00e1fico web, y tambi\u00e9n facilita las futuras visitas a una web recurrente.<\/p>\n\n\n\n<p>Otra funci\u00f3n que tienen las cookies es que con ellas las web pueden reconocerte individualmente, por tanto, brindarte el mejor servicio personalizado de su web.<\/p>\n\n\n\n<p>Nuestro sitio web emplea las cookies para poder identificar las p\u00e1ginas que son visitadas y su frecuencia.<\/p>\n\n\n\n<p>Esta informaci\u00f3n es empleada \u00fanicamente para an\u00e1lisis estad\u00edstico y despu\u00e9s la informaci\u00f3n se elimina de forma permanente.<\/p>\n\n\n\n<p>Usted puede eliminar las cookies en cualquier momento desde su ordenador; sin embargo, las cookies ayudan a proporcionar un mejor servicio de los sitios web, est\u00e1s no dan acceso a informaci\u00f3n de su ordenador ni de usted, a menos de que usted as\u00ed lo quiera y la proporcione directamente.&nbsp;<\/p>\n\n\n\n<p>Usted puede aceptar o negar el uso de cookies; sin embargo, la mayor\u00eda de navegadores aceptan cookies autom\u00e1ticamente pues sirve para tener un mejor servicio web.<\/p>\n\n\n\n<p>Tambi\u00e9n usted puede cambiar la configuraci\u00f3n de su ordenador para declinar las cookies.<\/p>\n\n\n\n<p>Si se declinan es posible que no pueda utilizar algunos de nuestros servicios.<\/p>\n\n\n\n<h3 class=\"wp-block-heading\">FACEBOOK APP<\/h3>\n\n\n\n<p>Al usar el inicio de sesi\u00f3n con Facebook nuestra app y nuestra p\u00e1gina web RAULGALAVIZ.COM tendr\u00e1 acceso al correo electr\u00f3nico registrado en su cuenta de FACEBOOK.COM ning\u00fan otro dato que no sea su correo electr\u00f3nico es compartido por facebook.com<\/p>\n\n\n\n<p>En caso de compras o registro para eventos en nuestra p\u00e1gina le pediremos informaci\u00f3n adicional, esto con el fin de darle un mejor servicio y soporte en caso de ser necesario.<\/p>\n\n\n\n<p>En caso de requerirlo usted SIEMPRE puede pedir eliminar su cuenta e informaci\u00f3n en su totalidad de nuestros registros, si desea hacerlo simplemente env\u00edenos mensaje ELIMINAR MIS DATOS EN SU TOTALIDAD por cualquiera de nuestras opciones de contacto:&nbsp;<a href=\"https:\/\/fotofest.mx\/contacto\/\">https:\/\/raulgalaviz\/contacto\/&nbsp;<\/a>Su cuenta, cualquier compra e informaci\u00f3n en su totalidad ser\u00e1 eliminado de todos nuestros registros.&nbsp;<\/p>\n\n\n\n<h3 class=\"wp-block-heading\">Enlaces a Terceros.<\/h3>\n\n\n\n<p>Este sitio web pudiera contener enlaces a otros sitios que pudieran ser de su inter\u00e9s. Una vez que usted de clic en estos enlaces y abandone nuestra p\u00e1gina, ya no tenemos control sobre al sitio al que es redirigido, por lo tanto, no somos responsables de los t\u00e9rminos o privacidad ni de la protecci\u00f3n de sus datos en esos otros sitios de terceros.<\/p>\n\n\n\n<p>Dichos sitios est\u00e1n sujetos a sus propias pol\u00edticas de privacidad, por lo cual es recomendable que los consulte para confirmar que usted est\u00e1 de acuerdo con estas. Control de su informaci\u00f3n personal.<\/p>\n\n\n\n<h3 class=\"wp-block-heading\">Eventos presenciales.<\/h3>\n\n\n\n<p>En el caso de Eventos presenciales, usted est\u00e1 de acuerdo en que sus datos podr\u00edan ser compartidos con los patrocinadores de dicho evento, sin esto representar una responsabilidad legal o jur\u00eddica para HTTPS:\/\/RAULGALAVIZ O &nbsp;RA\u00daL GALAV\u00cdZ FLORES. Si hubiera alg\u00fan cambio de material en el tipo de informaci\u00f3n que recogemos o en la manera que utilizamos tal informaci\u00f3n, obtendremos su permiso antes de realizar cualquier alteraci\u00f3n.<\/p>\n\n\n\n<h3 class=\"wp-block-heading\">Limitantes.<\/h3>\n\n\n\n<p>La presente pol\u00edtica de privacidad se limita \u00fanicamente al sitio web&nbsp;RAULGALAVIZ.COM y toda la informaci\u00f3n publicada bajo el nombre o dominio http:\/\/raulgalavizmultisite2023.local\/cursos www.raulgalaviz.com<\/p>\n\n\n\n<p>Ra\u00fal Galav\u00edz&nbsp;Se reserva el derecho de cambiar los t\u00e9rminos de la presente Pol\u00edtica de Privacidad en cualquier momento, notificando a los miembros por correo electr\u00f3nico en los siguientes 10 d\u00edas h\u00e1biles.<\/p>\n","protected":false},"excerpt":{"rendered":"<p>LEGAL En cumplimiento con lo establecido en M\u00e9xico por la ley federal de protecci\u00f3n de datos personales en posesi\u00f3n de los particulares, publicada el 5 de julio de 2010, se [&hellip;]<\/p>\n","protected":false},"author":1,"featured_media":0,"parent":0,"menu_order":9,"comment_status":"closed","ping_status":"closed","template":"","meta":{"_price":"","_stock":"","_tribe_ticket_header":"","_tribe_default_ticket_provider":"","_tribe_ticket_capacity":"0","_ticket_start_date":"","_ticket_end_date":"","_tribe_ticket_show_description":"","_tribe_ticket_show_not_going":false,"_tribe_ticket_use_global_stock":"","_tribe_ticket_global_stock_level":"","_global_stock_mode":"","_global_stock_cap":"","_tribe_rsvp_for_event":"","_tribe_ticket_going_count":"","_tribe_ticket_not_going_count":"","_tribe_tickets_list":"[]","_tribe_ticket_has_attendee_info_fields":false,"footnotes":""},"class_list":["post-40","page","type-page","status-publish","hentry"],"_links":{"self":[{"href":"https:\/\/raulgalaviz.com\/cursos-de-fotografia\/wp-json\/wp\/v2\/pages\/40","targetHints":{"allow":["GET"]}}],"collection":[{"href":"https:\/\/raulgalaviz.com\/cursos-de-fotografia\/wp-json\/wp\/v2\/pages"}],"about":[{"href":"https:\/\/raulgalaviz.com\/cursos-de-fotografia\/wp-json\/wp\/v2\/types\/page"}],"author":[{"embeddable":true,"href":"https:\/\/raulgalaviz.com\/cursos-de-fotografia\/wp-json\/wp\/v2\/users\/1"}],"replies":[{"embeddable":true,"href":"https:\/\/raulgalaviz.com\/cursos-de-fotografia\/wp-json\/wp\/v2\/comments?post=40"}],"version-history":[{"count":1,"href":"https:\/\/raulgalaviz.com\/cursos-de-fotografia\/wp-json\/wp\/v2\/pages\/40\/revisions"}],"predecessor-version":[{"id":69092,"href":"https:\/\/raulgalaviz.com\/cursos-de-fotografia\/wp-json\/wp\/v2\/pages\/40\/revisions\/69092"}],"wp:attachment":[{"href":"https:\/\/raulgalaviz.com\/cursos-de-fotografia\/wp-json\/wp\/v2\/media?parent=40"}],"curies":[{"name":"wp","href":"https:\/\/api.w.org\/{rel}","templated":true}]}}