{"id":370,"date":"2022-03-10T21:54:06","date_gmt":"2022-03-11T03:54:06","guid":{"rendered":"http:\/\/raulgalaviz"},"modified":"2024-08-08T13:41:34","modified_gmt":"2024-08-08T19:41:34","slug":"terminos-y-condiciones","status":"publish","type":"page","link":"https:\/\/raulgalaviz.com\/cursos-de-fotografia\/terminos-y-condiciones\/","title":{"rendered":"T\u00e9rminos y Condiciones"},"content":{"rendered":"\n<h2 class=\"wp-block-heading\">T\u00e9rminos y condiciones aplicables a este sitio.<\/h2>\n\n\n\n<p>\u00daltima actualizaci\u00f3n: 5 de marzo el a\u00f1o 2020<br>Por favor, lea estos t\u00e9rminos y condiciones ( \u00abT\u00e9rminos\u00bb, \u00abT\u00e9rminos y Condiciones\u00bb) antes de utilizar el sitio http:\/\/raulgalavizmultisite2023.local\/cursos RAULGALAVIZ.COM (el \u00abServicio\u00bb) operado por Equipo Ra\u00fal Galav\u00edz ( \u00abnosotros\u00bb, \u00abnos\u00bb, o \u00abnuestra\u00bb).<\/p>\n\n\n\n<p>Su acceso y uso del Servicio est\u00e1 condicionado a la aceptaci\u00f3n y cumplimiento de estas condiciones. Estos t\u00e9rminos se aplican a todos los visitantes, usuarios y otras personas que accedan o usen el servicio.<\/p>\n\n\n\n<p>Al acceder o utilizar el Servicio usted acepta que quedar\u00e1 vinculado por estas Condiciones. Si no est\u00e1 de acuerdo con alguna parte de los t\u00e9rminos, entonces no puede tener acceso al servicio.<\/p>\n\n\n\n<p>Al crear una cuenta con nosotros, nos debe proporcionar informaci\u00f3n que sea precisa, completa y actualizada en todo momento. De no hacerlo constituye una violaci\u00f3n de los t\u00e9rminos, que pueden resultar en la terminaci\u00f3n inmediata de su cuenta en nuestro servicio.<\/p>\n\n\n\n<p>Usted es responsable de salvaguardar la contrase\u00f1a que utiliza para acceder al Servicio y de ninguna actividad o acciones bajo su contrase\u00f1a, si su contrase\u00f1a es con nuestro servicio o un servicio de terceros.<\/p>\n\n\n\n<p>Usted se compromete a no revelar su contrase\u00f1a a terceros. Nos debe notificar inmediatamente al darse cuenta de cualquier violaci\u00f3n de seguridad o uso no autorizado de su cuenta.<\/p>\n\n\n\n<div style=\"height:32px\" aria-hidden=\"true\" class=\"wp-block-spacer\"><\/div>\n\n\n\n<h3 class=\"wp-block-heading\">Enlaces a otros sitios Web.<\/h3>\n\n\n\n<p>Nuestro Servicio puede contener enlaces a sitios web de terceros o servicios que no son propiedad o est\u00e1n controladas por raulgalaviz.com o http:\/\/raulgalavizmultisite2023.local\/cursos<\/p>\n\n\n\n<p>Equipo Ra\u00fal Galav\u00edz o Ra\u00fal Galav\u00edz no tiene control y no asume ninguna responsabilidad por el contenido, las pol\u00edticas de privacidad o las pr\u00e1cticas de sitios web o servicios de terceros. <\/p>\n\n\n\n<p>Adem\u00e1s, usted reconoce y acepta que Equipo Ra\u00fal Galav\u00edz o Ra\u00fal Galav\u00edz no ser\u00e1 responsable o estar\u00e1 obligado, directa o indirectamente, por cualquier da\u00f1o o p\u00e9rdida causada o supuestamente causada por o en conexi\u00f3n con el uso o la credibilidad en cualquier Contenido, bienes o servicios disponibles en o a trav\u00e9s de cualquiera de dichos sitios web o servicios.<\/p>\n\n\n\n<p>Es muy recomendable que lea los t\u00e9rminos y condiciones y las pol\u00edticas de privacidad de los sitios web de terceros o servicios que usted visita.<\/p>\n\n\n\n<div style=\"height:32px\" aria-hidden=\"true\" class=\"wp-block-spacer\"><\/div>\n\n\n\n<h3 class=\"wp-block-heading\">Boletos Eventos<\/h3>\n\n\n\n<p>Los boletos Pre-Venta para Cursos presenciales o en l\u00ednea, Convenci\u00f3n o talleres no son reembolsables y no son transferibles.<\/p>\n\n\n\n<p>Otros boletos pueden ser transferibles con una notificaci\u00f3n no menor a 30 d\u00edas.<\/p>\n\n\n\n<div style=\"height:32px\" aria-hidden=\"true\" class=\"wp-block-spacer\"><\/div>\n\n\n\n<h3 class=\"wp-block-heading\">Uno a Uno<\/h3>\n\n\n\n<p>Los servicios de asesor\u00eda o consultor\u00eda comprenden exclusivamente el tiempo de Ra\u00fal Galav\u00edz.<\/p>\n\n\n\n<p>No hay devoluciones.<\/p>\n\n\n\n<div style=\"height:32px\" aria-hidden=\"true\" class=\"wp-block-spacer\"><\/div>\n\n\n\n<h3 class=\"wp-block-heading\">Terminaci\u00f3n<\/h3>\n\n\n\n<p>Podemos dar por terminada o suspender el acceso a nuestro servicio de inmediato, sin previo aviso o responsabilidad, por cualquier motivo, incluyendo, sin limitaci\u00f3n, si usted no cumple con las condiciones.<\/p>\n\n\n\n<p>Todas las disposiciones de las condiciones que por su naturaleza deber\u00edan sobrevivir a la terminaci\u00f3n sobrevivir\u00e1n a la terminaci\u00f3n, incluyendo, sin limitaci\u00f3n, las disposiciones de propiedad, renuncias de garant\u00eda, indemnizaci\u00f3n y limitaciones de responsabilidad.<\/p>\n\n\n\n<p>Podemos cancelar o suspender su cuenta de forma inmediata, sin previo aviso o responsabilidad, por cualquier motivo, incluyendo, sin limitaci\u00f3n, si usted no cumple con las condiciones.<\/p>\n\n\n\n<p>A su terminaci\u00f3n, su derecho a utilizar el Servicio cesar\u00e1 inmediatamente. Si desea cancelar su cuenta, usted puede simplemente dejar de utilizar el servicio.<\/p>\n\n\n\n<p>Todas las disposiciones de las condiciones que por su naturaleza deber\u00edan sobrevivir a la terminaci\u00f3n sobrevivir\u00e1n a la terminaci\u00f3n, incluyendo, sin limitaci\u00f3n, las disposiciones de propiedad, renuncias de garant\u00eda, indemnizaci\u00f3n y limitaciones de responsabilidad.<\/p>\n\n\n\n<div style=\"height:32px\" aria-hidden=\"true\" class=\"wp-block-spacer\"><\/div>\n\n\n\n<h3 class=\"wp-block-heading\">Ley que rige<\/h3>\n\n\n\n<p>Estos T\u00e9rminos se regir\u00e1n e interpretar\u00e1n de acuerdo con las leyes de M\u00e9xico, sin tener en cuenta su conflicto de disposiciones legales.<\/p>\n\n\n\n<p>Nuestra incapacidad para hacer cumplir cualquier derecho o disposici\u00f3n de estas Condiciones no se considerar\u00e1 una renuncia a esos derechos. Si alguna disposici\u00f3n de estas Condiciones se considera inv\u00e1lida o inaplicable por un tribunal, las restantes disposiciones de estas Condiciones permanecer\u00e1n en vigor. Estos T\u00e9rminos y Condiciones constituyen el acuerdo completo entre nosotros con respecto a nuestro servicio, y sustituyen cualquier acuerdo anterior que podr\u00edamos tener entre nosotros en relaci\u00f3n con el Servicio.<\/p>\n\n\n\n<div style=\"height:32px\" aria-hidden=\"true\" class=\"wp-block-spacer\"><\/div>\n\n\n\n<h3 class=\"wp-block-heading\">Cambios<\/h3>\n\n\n\n<p>Nos reservamos el derecho, a nuestra sola discreci\u00f3n, de modificar o sustituir estas Condiciones en cualquier momento. Si la revisi\u00f3n es el material vamos a tratar de proporcionar por lo menos 15 d\u00edas de antelaci\u00f3n antes de los nuevos t\u00e9rminos que surtan efecto. Lo que constituye un cambio material ser\u00e1 determinado a nuestra discreci\u00f3n.<\/p>\n\n\n\n<p>Al continuar accediendo o utilizar nuestro servicio despu\u00e9s de esas revisiones se hacen efectivos, usted acepta que quedar\u00e1 vinculado por los t\u00e9rminos revisados. Si no acepta los nuevos t\u00e9rminos, por favor, deje de utilizar el servicio.<\/p>\n\n\n\n<p>Cont\u00e1ctenos si usted tiene alguna pregunta acerca de estos T\u00e9rminos, por favor, p\u00f3ngase en&nbsp;<a href=\"http:\/\/raulgalavizmultisite2023.local\/cursos\/contacto\">contacto<\/a><a href=\"http:\/\/host-2020\/rgbk2020\/fotofest\/contacto\/\">&nbsp;<\/a>con nosotros.<\/p>\n","protected":false},"excerpt":{"rendered":"<p>T\u00e9rminos y condiciones aplicables a este sitio. \u00daltima actualizaci\u00f3n: 5 de marzo el a\u00f1o 2020Por favor, lea estos t\u00e9rminos y condiciones ( \u00abT\u00e9rminos\u00bb, \u00abT\u00e9rminos y Condiciones\u00bb) antes de utilizar el [&hellip;]<\/p>\n","protected":false},"author":1,"featured_media":0,"parent":0,"menu_order":9,"comment_status":"closed","ping_status":"closed","template":"","meta":{"_price":"","_stock":"","_tribe_ticket_header":"","_tribe_default_ticket_provider":"","_tribe_ticket_capacity":"0","_ticket_start_date":"","_ticket_end_date":"","_tribe_ticket_show_description":"","_tribe_ticket_show_not_going":false,"_tribe_ticket_use_global_stock":"","_tribe_ticket_global_stock_level":"","_global_stock_mode":"","_global_stock_cap":"","_tribe_rsvp_for_event":"","_tribe_ticket_going_count":"","_tribe_ticket_not_going_count":"","_tribe_tickets_list":"[]","_tribe_ticket_has_attendee_info_fields":false,"footnotes":""},"class_list":["post-370","page","type-page","status-publish","hentry"],"_links":{"self":[{"href":"https:\/\/raulgalaviz.com\/cursos-de-fotografia\/wp-json\/wp\/v2\/pages\/370","targetHints":{"allow":["GET"]}}],"collection":[{"href":"https:\/\/raulgalaviz.com\/cursos-de-fotografia\/wp-json\/wp\/v2\/pages"}],"about":[{"href":"https:\/\/raulgalaviz.com\/cursos-de-fotografia\/wp-json\/wp\/v2\/types\/page"}],"author":[{"embeddable":true,"href":"https:\/\/raulgalaviz.com\/cursos-de-fotografia\/wp-json\/wp\/v2\/users\/1"}],"replies":[{"embeddable":true,"href":"https:\/\/raulgalaviz.com\/cursos-de-fotografia\/wp-json\/wp\/v2\/comments?post=370"}],"version-history":[{"count":2,"href":"https:\/\/raulgalaviz.com\/cursos-de-fotografia\/wp-json\/wp\/v2\/pages\/370\/revisions"}],"predecessor-version":[{"id":74983,"href":"https:\/\/raulgalaviz.com\/cursos-de-fotografia\/wp-json\/wp\/v2\/pages\/370\/revisions\/74983"}],"wp:attachment":[{"href":"https:\/\/raulgalaviz.com\/cursos-de-fotografia\/wp-json\/wp\/v2\/media?parent=370"}],"curies":[{"name":"wp","href":"https:\/\/api.w.org\/{rel}","templated":true}]}}