{"id":117,"date":"2022-07-04T07:46:49","date_gmt":"2022-07-04T12:46:49","guid":{"rendered":"https:\/\/demoapus1.com\/educrat\/tutor\/?page_id=70"},"modified":"2024-08-05T09:25:38","modified_gmt":"2024-08-05T15:25:38","slug":"centro-de-soporte-a-usuarios","status":"publish","type":"page","link":"https:\/\/raulgalaviz.com\/cursos-de-fotografia\/centro-de-soporte-a-usuarios\/","title":{"rendered":"Soporte a usuarios"},"content":{"rendered":"\t\t<div data-elementor-type=\"wp-page\" data-elementor-id=\"117\" class=\"elementor elementor-117\" data-elementor-post-type=\"page\">\n\t\t\t\t<div class=\"elementor-element elementor-element-0669436 e-flex e-con-boxed e-con e-parent\" data-id=\"0669436\" data-element_type=\"container\" data-e-type=\"container\" data-settings=\"{&quot;background_background&quot;:&quot;classic&quot;}\">\n\t\t\t\t\t<div class=\"e-con-inner\">\n\t\t\t\t<div class=\"elementor-element elementor-element-f0e0331 elementor-widget elementor-widget-text-editor\" data-id=\"f0e0331\" data-element_type=\"widget\" data-e-type=\"widget\" data-widget_type=\"text-editor.default\">\n\t\t\t\t<div class=\"elementor-widget-container\">\n\t\t\t\t\t\t\t\t\t<p>Estamos aqu\u00ed para apoyarte.<\/p>\t\t\t\t\t\t\t\t<\/div>\n\t\t\t\t<\/div>\n\t\t\t\t<div class=\"elementor-element elementor-element-e962ec3 elementor-widget elementor-widget-heading\" data-id=\"e962ec3\" data-element_type=\"widget\" data-e-type=\"widget\" data-widget_type=\"heading.default\">\n\t\t\t\t<div class=\"elementor-widget-container\">\n\t\t\t\t\t<h1 class=\"elementor-heading-title elementor-size-default\">Soporte a usuarios<\/h1>\t\t\t\t<\/div>\n\t\t\t\t<\/div>\n\t\t\t\t<div class=\"elementor-element elementor-element-92e7ad1 elementor-widget elementor-widget-text-editor\" data-id=\"92e7ad1\" data-element_type=\"widget\" data-e-type=\"widget\" data-widget_type=\"text-editor.default\">\n\t\t\t\t<div class=\"elementor-widget-container\">\n\t\t\t\t\t\t\t\t\t<p>Estoy mejorando el sistema de soporte para nuestra comunidad, por lo pronto por favor escribe directo a la p\u00e1gina de FB agregando tu usuario, correo electr\u00f3nico y curso que compraste para poderte dar una pronta mejor soluci\u00f3n..<\/p><p>\u00a1ESTAMOS AQU\u00cd PARA TI!<\/p><p>fb chat: <a href=\"http:\/\/m.me\/raulgalaviz\" target=\"_blank\" rel=\"noopener\">m.me\/raulgalaviz<\/a><\/p><p>\u00a1VIVAMOS LA FOTOGRAF\u00cdA!<\/p>\t\t\t\t\t\t\t\t<\/div>\n\t\t\t\t<\/div>\n\t\t\t\t\t<\/div>\n\t\t\t\t<\/div>\n\t\t\t\t<\/div>\n\t\t","protected":false},"excerpt":{"rendered":"<p>Estamos aqu\u00ed para apoyarte. Soporte a usuarios Estoy mejorando el sistema de soporte para nuestra comunidad, por lo pronto por favor escribe directo a la p\u00e1gina de FB agregando tu [&hellip;]<\/p>\n","protected":false},"author":1,"featured_media":70270,"parent":0,"menu_order":5,"comment_status":"closed","ping_status":"closed","template":"elementor_header_footer","meta":{"_price":"","_stock":"","_tribe_ticket_header":"","_tribe_default_ticket_provider":"","_tribe_ticket_capacity":"0","_ticket_start_date":"","_ticket_end_date":"","_tribe_ticket_show_description":"","_tribe_ticket_show_not_going":false,"_tribe_ticket_use_global_stock":"","_tribe_ticket_global_stock_level":"","_global_stock_mode":"","_global_stock_cap":"","_tribe_rsvp_for_event":"","_tribe_ticket_going_count":"","_tribe_ticket_not_going_count":"","_tribe_tickets_list":"[]","_tribe_ticket_has_attendee_info_fields":false,"footnotes":""},"class_list":["post-117","page","type-page","status-publish","has-post-thumbnail","hentry"],"_links":{"self":[{"href":"https:\/\/raulgalaviz.com\/cursos-de-fotografia\/wp-json\/wp\/v2\/pages\/117","targetHints":{"allow":["GET"]}}],"collection":[{"href":"https:\/\/raulgalaviz.com\/cursos-de-fotografia\/wp-json\/wp\/v2\/pages"}],"about":[{"href":"https:\/\/raulgalaviz.com\/cursos-de-fotografia\/wp-json\/wp\/v2\/types\/page"}],"author":[{"embeddable":true,"href":"https:\/\/raulgalaviz.com\/cursos-de-fotografia\/wp-json\/wp\/v2\/users\/1"}],"replies":[{"embeddable":true,"href":"https:\/\/raulgalaviz.com\/cursos-de-fotografia\/wp-json\/wp\/v2\/comments?post=117"}],"version-history":[{"count":9,"href":"https:\/\/raulgalaviz.com\/cursos-de-fotografia\/wp-json\/wp\/v2\/pages\/117\/revisions"}],"predecessor-version":[{"id":72551,"href":"https:\/\/raulgalaviz.com\/cursos-de-fotografia\/wp-json\/wp\/v2\/pages\/117\/revisions\/72551"}],"wp:featuredmedia":[{"embeddable":true,"href":"https:\/\/raulgalaviz.com\/cursos-de-fotografia\/wp-json\/wp\/v2\/media\/70270"}],"wp:attachment":[{"href":"https:\/\/raulgalaviz.com\/cursos-de-fotografia\/wp-json\/wp\/v2\/media?parent=117"}],"curies":[{"name":"wp","href":"https:\/\/api.w.org\/{rel}","templated":true}]}}